{"id":6264,"date":"2023-12-06T14:51:04","date_gmt":"2023-12-06T14:51:04","guid":{"rendered":"https:\/\/livetoride.es\/politica-de-cookies\/"},"modified":"2024-04-24T07:47:17","modified_gmt":"2024-04-24T07:47:17","slug":"politica-de-cookies","status":"publish","type":"page","link":"https:\/\/livetoride.es\/ca\/politica-de-cookies\/","title":{"rendered":"Pol\u00edtica de Cookies"},"content":{"rendered":"\t\t<div data-elementor-type=\"wp-page\" data-elementor-id=\"6264\" class=\"elementor elementor-6264 elementor-4037\" data-elementor-post-type=\"page\">\n\t\t\t\t<div class=\"elementor-element elementor-element-d5a2e8b e-flex e-con-boxed e-con e-parent\" data-id=\"d5a2e8b\" data-element_type=\"container\">\n\t\t\t\t\t<div class=\"e-con-inner\">\n\t\t\t\t<div class=\"elementor-element elementor-element-e69c651 elementor-widget elementor-widget-text-editor\" data-id=\"e69c651\" data-element_type=\"widget\" data-widget_type=\"text-editor.default\">\n\t\t\t\t<div class=\"elementor-widget-container\">\n\t\t\t<style>\/*! elementor - v3.21.0 - 20-05-2024 *\/\n.elementor-widget-text-editor.elementor-drop-cap-view-stacked .elementor-drop-cap{background-color:#69727d;color:#fff}.elementor-widget-text-editor.elementor-drop-cap-view-framed .elementor-drop-cap{color:#69727d;border:3px solid;background-color:transparent}.elementor-widget-text-editor:not(.elementor-drop-cap-view-default) .elementor-drop-cap{margin-top:8px}.elementor-widget-text-editor:not(.elementor-drop-cap-view-default) .elementor-drop-cap-letter{width:1em;height:1em}.elementor-widget-text-editor .elementor-drop-cap{float:left;text-align:center;line-height:1;font-size:50px}.elementor-widget-text-editor .elementor-drop-cap-letter{display:inline-block}<\/style>\t\t\t\t<p>Aquest lloc web utilitza cookies pr\u00f2pies i de tercers per a oferir-li una millor experi\u00e8ncia i servei. En navegar o utilitzar els nostres serveis l&#8217;usuari accepta l&#8217;\u00fas que fem de les cookies. No obstant aix\u00f2, l&#8217;usuari t\u00e9 l&#8217;opci\u00f3 d&#8217;impedir la generaci\u00f3 de cookies i l&#8217;eliminaci\u00f3 d&#8217;aquestes.<\/p>\n<p><strong>QU\u00c8 \u00c9S UNA COOKIE?<\/strong><br \/>Una cookie \u00e9s un petit fragment de text que els llocs web envien al navegador i que s&#8217;emmagatzemen en el terminal de l&#8217;usuari, el qual pot ser un ordinador personal, un tel\u00e8fon m\u00f2bil, tauleta, etc. Aquests arxius permeten que el lloc web recordi informaci\u00f3 sobre la seva visita, com l&#8217;idioma i les opcions preferides, la qual cosa pot facilitar la seva pr\u00f2xima visita i fer que el lloc resulti m\u00e9s \u00fatil en personalitzar el seu contingut. Les cookies exerceixen un paper molt important, en millorar l&#8217;experi\u00e8ncia d&#8217;\u00fas de la Web.<\/p>\n<p><strong>TIPUS DE COOKIES<\/strong><br \/>Segons l&#8217;entitat que les gestioni, les cookies poden ser:<br \/><strong>\u2022 Cookies pr\u00f2pies:<\/strong> S\u00f3n aquelles que s&#8217;envien a l&#8217;equip terminal de l&#8217;interessat des d&#8217;un equip o domini gestionat pel propi editor i des del qual es presta el servei sol\u00b7licitat per l&#8217;usuari.<br \/><strong>\u2022 Cookies de tercer:<\/strong> S\u00f3n aquelles que s&#8217;envien a l&#8217;equip terminal de l&#8217;usuari des d&#8217;un equip o domini que no \u00e9s gestionat per l&#8217;editor, sin\u00f3 per una altra entitat que tracta les dades obtingudes trav\u00e9s de les cookies.<\/p>\n<p>Segons el termini de temps que romanen activades:<br \/><strong>\u2022 Cookies de sessi\u00f3: <\/strong> S\u00f3n un tipus de cookies dissenyades per a recaptar i emmagatzemar dades mentre l&#8217;usuari accedeix a una p\u00e0gina web. Se solen emprar per a emmagatzemar informaci\u00f3 que nom\u00e9s interessa conservar per a la prestaci\u00f3 del servei sol\u00b7licitat per l&#8217;usuari en una sola ocasi\u00f3.<br \/><strong>\u2022 Cookies persistents:<\/strong> S\u00f3n un tipus de cookies en el qual les dades segueixen emmagatzemats en el terminal i poden ser accedits i tractats durant un per\u00edode definit pel responsable de la cookie, i que pot anar d&#8217;uns minuts a diversos anys.<\/p>\n<p>Segons la finalitat per a la qual es tractin les dades obtingudes a trav\u00e9s de les cookies, la web pot utilitzar:<br \/><strong>Cookies t\u00e8cniques<\/strong> \u2013 S\u00f3n aquelles que permeten a l&#8217;usuari la navegaci\u00f3 a trav\u00e9s de la p\u00e0gina web o aplicaci\u00f3 i la utilitzaci\u00f3 de les diferents opcions o serveis que en ella existeixen. Per exemple, controlar el tr\u00e0nsit i la comunicaci\u00f3 de dades, identificar la sessi\u00f3, accedir a les parts web d&#8217;acc\u00e9s restringit, recordar els elements que integren una comanda, realitzar la sol\u00b7licitud d&#8217;inscripci\u00f3 o participaci\u00f3 en un esdeveniment, utilitzar elements de seguretat durant la navegaci\u00f3 i emmagatzemar continguts per a la difusi\u00f3 de v\u00eddeos o so.<br \/><strong>Cookies de personalitzaci\u00f3<\/strong> \u2013 S\u00f3n aquelles que permeten a l&#8217;usuari accedir al servei amb algunes caracter\u00edstiques de car\u00e0cter general predefinides en la seva terminal o que el propi usuari defineixi. Per exemple, l&#8217;idioma, el tipus de navegador a trav\u00e9s del qual accedeix al servei, el disseny de continguts seleccionat, geolocalitzaci\u00f3 del terminal i la configuraci\u00f3 regional des d&#8217;on s&#8217;accedeix al servei.<br \/><strong>Cookies publicit\u00e0ries<\/strong> \u2013 S\u00f3n aquelles que permeten la gesti\u00f3 efica\u00e7 dels espais publicitaris que s&#8217;han incl\u00f2s en la p\u00e0gina web o aplicaci\u00f3 des de la qual es presta el servei. Permeten adequar el contingut de la publicitat perqu\u00e8 aquesta sigui rellevant per a l&#8217;usuari i per a evitar mostrar anuncis que l&#8217;usuari ja hagi vist.<br \/><strong>Cookies d&#8217;an\u00e0lisi estad\u00edstica<\/strong> \u2013 S\u00f3n aquelles que permeten realitzar el seguiment i an\u00e0lisi del comportament dels usuaris en els llocs web. La informaci\u00f3 recollida mitjan\u00e7ant aquesta mena de cookies s&#8217;utilitza en el mesurament de l&#8217;activitat dels llocs web, aplicaci\u00f3 o plataforma i per a l&#8217;elaboraci\u00f3 de perfils de navegaci\u00f3 dels usuaris d&#8217;aquests llocs, amb la finalitat d&#8217;introduir millores en el servei en funci\u00f3 de les dades d&#8217;\u00fas que fan els usuaris.<\/p>\n<p>Les cookies utilitzades en aquest lloc web les pot veure en el panell de configuraci\u00f3 i ajustar la seva configuraci\u00f3 en qualsevol moment.<\/p>\n<p>La identificaci\u00f3 de qui utilitza les cookies, el tipus de cookies utilitzades i altres detalls, s&#8217;indica a continuaci\u00f3:<\/p>\n<\/p>\n<table class=\"wt-cli-element cookielawinfo-classic cookielawinfo-row-cat-table\">\n<thead>\n<tr>\n<th class=\"cookielawinfo-column-1\" scope=\"col\">COOKIE<\/th>\n<th class=\"cookielawinfo-column-4\" scope=\"col\">DESCRIPCI\u00d3<\/th>\n<\/tr>\n<\/thead>\n<tbody>\n<tr class=\"cookielawinfo-row-cat-title\">\n<th class=\"cookielawinfo-row-cat-title-head\" colspan=\"2\">Necess\u00e0ries<\/th>\n<\/tr>\n<tr class=\"cookielawinfo-row\">\n<td class=\"cookielawinfo-column-1\">viewed_cookie_policy<\/td>\n<td class=\"cookielawinfo-column-4\">La cookie est\u00e0 configurada pel complement de consentiment de cookies de GDPR i s&#8217;utilitza per a emmagatzemar si l&#8217;usuari ha donat el seu consentiment o no per a l&#8217;\u00fas de cookies. No emmagatzema cap dada personal.<\/td>\n<\/tr>\n<tr class=\"cookielawinfo-row\">\n<td class=\"cookielawinfo-column-1\">cookielawinfo-checkbox-necessary<\/td>\n<td class=\"cookielawinfo-column-4\">Aquesta cookie est\u00e0 configurada pel complement de consentiment de cookies de GDPR. Les cookies s&#8217;utilitzen per a emmagatzemar el consentiment de l&#8217;usuari per a les cookies en la categoria \u00abNecess\u00e0ries\u00bb.<\/td>\n<\/tr>\n<tr class=\"cookielawinfo-row\">\n<td class=\"cookielawinfo-column-1\">cookielawinfo-checkbox-non-necessary<\/td>\n<td class=\"cookielawinfo-column-4\">Aquesta cookie est\u00e0 configurada pel complement de consentiment de cookies de GDPR. Les cookies s&#8217;utilitzen per a emmagatzemar el consentiment de l&#8217;usuari per a les cookies en la categoria \u00abNo necess\u00e0ries\u00bb.<\/td>\n<\/tr>\n<tr class=\"cookielawinfo-row-cat-title\">\n<th class=\"cookielawinfo-row-cat-title-head\" colspan=\"2\">No Necess\u00e0ries<\/th>\n<\/tr>\n<tr class=\"cookielawinfo-row\">\n<td class=\"cookielawinfo-column-1\">test_cookie<\/td>\n<td class=\"cookielawinfo-column-4\"> <\/td>\n<\/tr>\n<tr class=\"cookielawinfo-row-cat-title\">\n<th class=\"cookielawinfo-row-cat-title-head\" colspan=\"2\">Anal\u00edtiques<\/th>\n<\/tr>\n<tr class=\"cookielawinfo-row\">\n<td class=\"cookielawinfo-column-1\">GPS<\/td>\n<td class=\"cookielawinfo-column-4\">Aquesta cookie \u00e9s establerta per Youtube i registra una identificaci\u00f3 \u00fanica per a rastrejar als usuaris segons la seva ubicaci\u00f3 geogr\u00e0fica.<\/td>\n<\/tr>\n<tr class=\"cookielawinfo-row\">\n<td class=\"cookielawinfo-column-1\">_ga<\/td>\n<td class=\"cookielawinfo-column-4\">Aquesta cookie \u00e9s instal\u00b7lada per Google Analytics. La cookie s&#8217;utilitza per a calcular les dades de visitants, sessions, campanyes i realitzar un seguiment de l&#8217;\u00fas del lloc per a l&#8217;informe d&#8217;an\u00e0lisi del lloc. Les cookies emmagatzemen informaci\u00f3 de manera an\u00f2nima i assignen un n\u00famero generat aleatori per a identificar visitants \u00fanics.<\/td>\n<\/tr>\n<tr class=\"cookielawinfo-row\">\n<td class=\"cookielawinfo-column-1\">_gid<\/td>\n<td class=\"cookielawinfo-column-4\">Aquesta cookie \u00e9s instal\u00b7lada per Google Analytics. La cookie s&#8217;utilitza per a emmagatzemar informaci\u00f3 sobre com els visitants usen un lloc web i ajuda a crear un informe anal\u00edtic de com est\u00e0 funcionant el lloc web. Les dades recopilades, incl\u00f2s el nombre de visitants, la font d&#8217;on provenen i les p\u00e0gines, es mostren de manera an\u00f2nima.<\/td>\n<\/tr>\n<tr class=\"cookielawinfo-row\">\n<td class=\"cookielawinfo-column-1\">_gat_gtag_UA_115745228_1<\/td>\n<td class=\"cookielawinfo-column-4\">Google utilitza aquesta cookie per a distingir als usuaris.<\/td>\n<\/tr>\n<tr class=\"cookielawinfo-row-cat-title\">\n<th class=\"cookielawinfo-row-cat-title-head\" colspan=\"2\">Publicit\u00e0ries<\/th>\n<\/tr>\n<tr class=\"cookielawinfo-row\">\n<td class=\"cookielawinfo-column-1\">VISITOR_INFO1_LIVE<\/td>\n<td class=\"cookielawinfo-column-4\">Youtube estableix aquesta cookie. S&#8217;utilitza per a rastrejar la informaci\u00f3 dels v\u00eddeos de YouTube incrustats en un lloc web.<\/td>\n<\/tr>\n<tr class=\"cookielawinfo-row\">\n<td class=\"cookielawinfo-column-1\">IDE<\/td>\n<td class=\"cookielawinfo-column-4\">Utilitzat per Google DoubleClick i emmagatzema informaci\u00f3 sobre com l&#8217;usuari utilitza el lloc web i qualsevol altre anunci abans de visitar el lloc web. S&#8217;utilitza per a presentar als usuaris anuncis que s\u00f3n rellevants per a ells d&#8217;acord amb el perfil de l&#8217;usuari.<\/td>\n<\/tr>\n<tr class=\"cookielawinfo-row\">\n<td class=\"cookielawinfo-column-1\">NID<\/td>\n<td class=\"cookielawinfo-column-4\">Aquesta cookie s&#8217;utilitza per a crear un perfil en funci\u00f3 de l&#8217;inter\u00e8s de l&#8217;usuari i mostrar anuncis personalitzats als usuaris.<\/td>\n<\/tr>\n<tr class=\"cookielawinfo-row-cat-title\">\n<th class=\"cookielawinfo-row-cat-title-head\" colspan=\"2\">Rendiment<\/th>\n<\/tr>\n<tr class=\"cookielawinfo-row\">\n<td class=\"cookielawinfo-column-1\">YSC<\/td>\n<td class=\"cookielawinfo-column-4\">Aquestes cookies s\u00f3n establertes per Youtube i s&#8217;utilitzen per a rastrejar les vistes de v\u00eddeos incrustats.<\/td>\n<\/tr>\n<\/tbody>\n<\/table>\n<p>Nota: Les cookies de tipus \u201cPr\u00f2pies\u201d s\u00f3n utilitzades nom\u00e9s pel propietari d&#8217;aquesta web i les cookies \u201cDe tercers\u201d s\u00f3n utilitzades, tamb\u00e9, pel prestador del servei que est\u00e0 detallat la taula anterior.<br \/>Pot informar-se de les transfer\u00e8ncies a tercers pa\u00efsos que, si \u00e9s el cas, realitzen els tercers identificats en aquesta pol\u00edtica de cookies en els seus corresponents pol\u00edtiques (veure els enlla\u00e7os facilitats en l&#8217;apartat \u201cM\u00e9s informaci\u00f3\u201d de la taula anterior).<\/p>\n<p><strong>COM ADMINISTRAR COOKIES EN EL NAVEGADOR?<\/strong><br \/>L&#8217;usuari t\u00e9 l&#8217;opci\u00f3 de permetre, bloquejar o eliminar les cookies instal\u00b7lades en el seu equip mitjan\u00e7ant la configuraci\u00f3 de les opcions del navegador instal\u00b7lat en la seva terminal:<br \/><strong>\u2022 Firefox:<\/strong><br \/>http:\/\/support.mozilla.org\/es\/kb\/habilitar-y-deshabilitar-cookies-que-los-sitios-we<\/p>\n<p><strong>\u2022 Chrome:<\/strong><br \/>http:\/\/support.google.com\/chrome\/bin\/answer.py?hl=es&amp;answer=95647<\/p>\n<p><strong>\u2022 Internet Explorer:<\/strong><br \/>https:\/\/support.microsoft.com\/es-es\/help\/278835\/how-to-delete-cookie-files-in-internet-explorer<\/p>\n<p><strong>\u2022 Microsoft Edge:<\/strong><br \/>https:\/\/support.microsoft.com\/es-es\/help\/4468242\/microsoft-edge-browsing-data-and-privacy-microsoft-privacy<\/p>\n<p><strong>\u2022 Safari:<\/strong><br \/>http:\/\/support.apple.com\/kb\/ph5042<\/p>\n<p><strong>\u2022 Opera:<\/strong><br \/>http:\/\/help.opera.com\/Windows\/11.50\/es-ES\/cookies.html<\/p>\n<p>En cas de bloquejar l&#8217;\u00fas de cookies en el seu navegador \u00e9s possible que alguns serveis o funcionalitats de la p\u00e0gina web no estiguin disponibles.<\/p>\n<p>En alguns navegadors es poden configurar regles espec\u00edfiques per a administrar cookies per lloc web, la qual cosa ofereix un control m\u00e9s prec\u00eds sobre la privacitat. Aix\u00f2 significa que es pot inhabilitar cookies de tots els llocs excepte d&#8217;aquells en els quals es confi\u00ef.<\/p>\n\t\t\t\t\t\t<\/div>\n\t\t\t\t<\/div>\n\t\t\t\t\t<\/div>\n\t\t\t\t<\/div>\n\t\t\t\t<\/div>\n\t\t","protected":false},"excerpt":{"rendered":"<p>Aquest lloc web utilitza cookies pr\u00f2pies i de tercers per a oferir-li una millor experi\u00e8ncia i servei. En navegar o utilitzar els nostres serveis l&#8217;usuari accepta l&#8217;\u00fas que fem de les cookies. No obstant aix\u00f2, l&#8217;usuari t\u00e9 l&#8217;opci\u00f3 d&#8217;impedir la generaci\u00f3 de cookies i l&#8217;eliminaci\u00f3 d&#8217;aquestes. QU\u00c8 \u00c9S UNA COOKIE?Una cookie \u00e9s un petit fragment [&hellip;]<\/p>\n","protected":false},"author":1,"featured_media":0,"parent":0,"menu_order":0,"comment_status":"closed","ping_status":"closed","template":"","meta":{"footnotes":""},"class_list":["post-6264","page","type-page","status-publish","hentry"],"yoast_head":"<!-- This site is optimized with the Yoast SEO plugin v22.7 - https:\/\/yoast.com\/wordpress\/plugins\/seo\/ -->\n<title>Pol\u00edtica de Cookies - Live to Ride<\/title>\n<meta name=\"robots\" content=\"index, follow, max-snippet:-1, max-image-preview:large, max-video-preview:-1\" \/>\n<link rel=\"canonical\" href=\"https:\/\/livetoride.es\/ca\/politica-de-cookies\/\" \/>\n<meta property=\"og:locale\" content=\"ca_ES\" \/>\n<meta property=\"og:type\" content=\"article\" \/>\n<meta property=\"og:title\" content=\"Pol\u00edtica de Cookies - Live to Ride\" \/>\n<meta property=\"og:description\" content=\"Aquest lloc web utilitza cookies pr\u00f2pies i de tercers per a oferir-li una millor experi\u00e8ncia i servei. En navegar o utilitzar els nostres serveis l&#8217;usuari accepta l&#8217;\u00fas que fem de les cookies. No obstant aix\u00f2, l&#8217;usuari t\u00e9 l&#8217;opci\u00f3 d&#8217;impedir la generaci\u00f3 de cookies i l&#8217;eliminaci\u00f3 d&#8217;aquestes. QU\u00c8 \u00c9S UNA COOKIE?Una cookie \u00e9s un petit fragment [&hellip;]\" \/>\n<meta property=\"og:url\" content=\"https:\/\/livetoride.es\/ca\/politica-de-cookies\/\" \/>\n<meta property=\"og:site_name\" content=\"Live to Ride\" \/>\n<meta property=\"article:modified_time\" content=\"2024-04-24T07:47:17+00:00\" \/>\n<meta name=\"twitter:card\" content=\"summary_large_image\" \/>\n<meta name=\"twitter:label1\" content=\"Temps estimat de lectura\" \/>\n\t<meta name=\"twitter:data1\" content=\"7 minuts\" \/>\n<script type=\"application\/ld+json\" class=\"yoast-schema-graph\">{\"@context\":\"https:\/\/schema.org\",\"@graph\":[{\"@type\":\"WebPage\",\"@id\":\"https:\/\/livetoride.es\/ca\/politica-de-cookies\/\",\"url\":\"https:\/\/livetoride.es\/ca\/politica-de-cookies\/\",\"name\":\"Pol\u00edtica de Cookies - Live to Ride\",\"isPartOf\":{\"@id\":\"https:\/\/livetoride.es\/ca\/#website\"},\"datePublished\":\"2023-12-06T14:51:04+00:00\",\"dateModified\":\"2024-04-24T07:47:17+00:00\",\"breadcrumb\":{\"@id\":\"https:\/\/livetoride.es\/ca\/politica-de-cookies\/#breadcrumb\"},\"inLanguage\":\"ca\",\"potentialAction\":[{\"@type\":\"ReadAction\",\"target\":[\"https:\/\/livetoride.es\/ca\/politica-de-cookies\/\"]}]},{\"@type\":\"BreadcrumbList\",\"@id\":\"https:\/\/livetoride.es\/ca\/politica-de-cookies\/#breadcrumb\",\"itemListElement\":[{\"@type\":\"ListItem\",\"position\":1,\"name\":\"Portada\",\"item\":\"https:\/\/livetoride.es\/ca\/\"},{\"@type\":\"ListItem\",\"position\":2,\"name\":\"Pol\u00edtica de Cookies\"}]},{\"@type\":\"WebSite\",\"@id\":\"https:\/\/livetoride.es\/ca\/#website\",\"url\":\"https:\/\/livetoride.es\/ca\/\",\"name\":\"Live to Ride\",\"description\":\"My WordPress Blog\",\"potentialAction\":[{\"@type\":\"SearchAction\",\"target\":{\"@type\":\"EntryPoint\",\"urlTemplate\":\"https:\/\/livetoride.es\/ca\/?s={search_term_string}\"},\"query-input\":\"required name=search_term_string\"}],\"inLanguage\":\"ca\"}]}<\/script>\n<!-- \/ Yoast SEO plugin. -->","yoast_head_json":{"title":"Pol\u00edtica de Cookies - Live to Ride","robots":{"index":"index","follow":"follow","max-snippet":"max-snippet:-1","max-image-preview":"max-image-preview:large","max-video-preview":"max-video-preview:-1"},"canonical":"https:\/\/livetoride.es\/ca\/politica-de-cookies\/","og_locale":"ca_ES","og_type":"article","og_title":"Pol\u00edtica de Cookies - Live to Ride","og_description":"Aquest lloc web utilitza cookies pr\u00f2pies i de tercers per a oferir-li una millor experi\u00e8ncia i servei. En navegar o utilitzar els nostres serveis l&#8217;usuari accepta l&#8217;\u00fas que fem de les cookies. No obstant aix\u00f2, l&#8217;usuari t\u00e9 l&#8217;opci\u00f3 d&#8217;impedir la generaci\u00f3 de cookies i l&#8217;eliminaci\u00f3 d&#8217;aquestes. QU\u00c8 \u00c9S UNA COOKIE?Una cookie \u00e9s un petit fragment [&hellip;]","og_url":"https:\/\/livetoride.es\/ca\/politica-de-cookies\/","og_site_name":"Live to Ride","article_modified_time":"2024-04-24T07:47:17+00:00","twitter_card":"summary_large_image","twitter_misc":{"Temps estimat de lectura":"7 minuts"},"schema":{"@context":"https:\/\/schema.org","@graph":[{"@type":"WebPage","@id":"https:\/\/livetoride.es\/ca\/politica-de-cookies\/","url":"https:\/\/livetoride.es\/ca\/politica-de-cookies\/","name":"Pol\u00edtica de Cookies - Live to Ride","isPartOf":{"@id":"https:\/\/livetoride.es\/ca\/#website"},"datePublished":"2023-12-06T14:51:04+00:00","dateModified":"2024-04-24T07:47:17+00:00","breadcrumb":{"@id":"https:\/\/livetoride.es\/ca\/politica-de-cookies\/#breadcrumb"},"inLanguage":"ca","potentialAction":[{"@type":"ReadAction","target":["https:\/\/livetoride.es\/ca\/politica-de-cookies\/"]}]},{"@type":"BreadcrumbList","@id":"https:\/\/livetoride.es\/ca\/politica-de-cookies\/#breadcrumb","itemListElement":[{"@type":"ListItem","position":1,"name":"Portada","item":"https:\/\/livetoride.es\/ca\/"},{"@type":"ListItem","position":2,"name":"Pol\u00edtica de Cookies"}]},{"@type":"WebSite","@id":"https:\/\/livetoride.es\/ca\/#website","url":"https:\/\/livetoride.es\/ca\/","name":"Live to Ride","description":"My WordPress Blog","potentialAction":[{"@type":"SearchAction","target":{"@type":"EntryPoint","urlTemplate":"https:\/\/livetoride.es\/ca\/?s={search_term_string}"},"query-input":"required name=search_term_string"}],"inLanguage":"ca"}]}},"_links":{"self":[{"href":"https:\/\/livetoride.es\/ca\/wp-json\/wp\/v2\/pages\/6264","targetHints":{"allow":["GET"]}}],"collection":[{"href":"https:\/\/livetoride.es\/ca\/wp-json\/wp\/v2\/pages"}],"about":[{"href":"https:\/\/livetoride.es\/ca\/wp-json\/wp\/v2\/types\/page"}],"author":[{"embeddable":true,"href":"https:\/\/livetoride.es\/ca\/wp-json\/wp\/v2\/users\/1"}],"replies":[{"embeddable":true,"href":"https:\/\/livetoride.es\/ca\/wp-json\/wp\/v2\/comments?post=6264"}],"version-history":[{"count":1,"href":"https:\/\/livetoride.es\/ca\/wp-json\/wp\/v2\/pages\/6264\/revisions"}],"predecessor-version":[{"id":6265,"href":"https:\/\/livetoride.es\/ca\/wp-json\/wp\/v2\/pages\/6264\/revisions\/6265"}],"wp:attachment":[{"href":"https:\/\/livetoride.es\/ca\/wp-json\/wp\/v2\/media?parent=6264"}],"curies":[{"name":"wp","href":"https:\/\/api.w.org\/{rel}","templated":true}]}}