{"id":6252,"date":"2023-12-06T14:53:38","date_gmt":"2023-12-06T14:53:38","guid":{"rendered":"https:\/\/livetoride.es\/mapa-web\/"},"modified":"2024-05-02T09:13:53","modified_gmt":"2024-05-02T09:13:53","slug":"mapa-web","status":"publish","type":"page","link":"https:\/\/livetoride.es\/ca\/mapa-web\/","title":{"rendered":"Mapa Web"},"content":{"rendered":"\t\t<div data-elementor-type=\"wp-page\" data-elementor-id=\"6252\" class=\"elementor elementor-6252 elementor-4043\" data-elementor-post-type=\"page\">\n\t\t\t\t<div class=\"elementor-element elementor-element-aa997e1 e-flex e-con-boxed e-con e-parent\" data-id=\"aa997e1\" data-element_type=\"container\">\n\t\t\t\t\t<div class=\"e-con-inner\">\n\t\t<div class=\"elementor-element elementor-element-b5807a1 e-con-full e-flex e-con e-child\" data-id=\"b5807a1\" data-element_type=\"container\">\n\t\t\t\t<div class=\"elementor-element elementor-element-b537f40 elementor-widget elementor-widget-text-editor\" data-id=\"b537f40\" data-element_type=\"widget\" data-widget_type=\"text-editor.default\">\n\t\t\t\t<div class=\"elementor-widget-container\">\n\t\t\t<style>\/*! elementor - v3.21.0 - 20-05-2024 *\/\n.elementor-widget-text-editor.elementor-drop-cap-view-stacked .elementor-drop-cap{background-color:#69727d;color:#fff}.elementor-widget-text-editor.elementor-drop-cap-view-framed .elementor-drop-cap{color:#69727d;border:3px solid;background-color:transparent}.elementor-widget-text-editor:not(.elementor-drop-cap-view-default) .elementor-drop-cap{margin-top:8px}.elementor-widget-text-editor:not(.elementor-drop-cap-view-default) .elementor-drop-cap-letter{width:1em;height:1em}.elementor-widget-text-editor .elementor-drop-cap{float:left;text-align:center;line-height:1;font-size:50px}.elementor-widget-text-editor .elementor-drop-cap-letter{display:inline-block}<\/style>\t\t\t\t<p><a href=\"https:\/\/livetoride.es\/ca\/\">Home<\/a><\/p><p><a href=\"https:\/\/livetoride.es\/ca\/nosaltres\/\">Nosaltres<\/a><\/p><p><span style=\"color: #ffcc00;\">Activitats<\/span><\/p><p><a href=\"https:\/\/livetoride.es\/ca\/horari-lectiu\/\">Horari Lectiu<\/a><\/p><p><a href=\"https:\/\/livetoride.es\/ca\/esdeveniments-de-promocio-esportiva\/\">Esdeveniments de promoci\u00f3 esportiva<\/a><\/p><p><a href=\"https:\/\/livetoride.es\/ca\/horari-extraescolar\/\">Horari extraescolar<\/a><\/p><p><a href=\"https:\/\/livetoride.es\/ca\/preguntes-frequents\/\">Preguntes freq\u00fcents<\/a><\/p><p><a href=\"https:\/\/livetoride.es\/ca\/contacte\/\">Contacte<\/a><\/p>\t\t\t\t\t\t<\/div>\n\t\t\t\t<\/div>\n\t\t\t\t<\/div>\n\t\t<div class=\"elementor-element elementor-element-14a8980 e-con-full e-flex e-con e-child\" data-id=\"14a8980\" data-element_type=\"container\">\n\t\t\t\t<div class=\"elementor-element elementor-element-450c066 elementor-widget elementor-widget-text-editor\" data-id=\"450c066\" data-element_type=\"widget\" data-widget_type=\"text-editor.default\">\n\t\t\t\t<div class=\"elementor-widget-container\">\n\t\t\t\t\t\t\t<p><a href=\"https:\/\/livetoride.es\/ca\/avis-legal\/\">Av\u00eds Legal<\/a><\/p><p><a href=\"https:\/\/livetoride.es\/ca\/politica-de-privacitat\/\">Pol\u00edtica de Privacitat<\/a><\/p><p><a href=\"https:\/\/livetoride.es\/politica-de-cookies\/\">Pol\u00edtica de Cookies<\/a><\/p><p><a href=\"https:\/\/livetoride.es\/ca\/mapa-web\/\">Mapa Web<\/a><\/p><p><a href=\"https:\/\/livetoride.es\/ca\/declaracio-daccesibilitat\/\">Declaraci\u00f3 d&#8217;Accesibilitat<\/a><\/p>\t\t\t\t\t\t<\/div>\n\t\t\t\t<\/div>\n\t\t\t\t<\/div>\n\t\t\t\t\t<\/div>\n\t\t\t\t<\/div>\n\t\t\t\t<\/div>\n\t\t","protected":false},"excerpt":{"rendered":"<p>Home Nosaltres Activitats Horari Lectiu Esdeveniments de promoci\u00f3 esportiva Horari extraescolar Preguntes freq\u00fcents Contacte Av\u00eds Legal Pol\u00edtica de Privacitat Pol\u00edtica de Cookies Mapa Web Declaraci\u00f3 d&#8217;Accesibilitat<\/p>\n","protected":false},"author":1,"featured_media":0,"parent":0,"menu_order":0,"comment_status":"closed","ping_status":"closed","template":"","meta":{"footnotes":""},"class_list":["post-6252","page","type-page","status-publish","hentry"],"yoast_head":"<!-- This site is optimized with the Yoast SEO plugin v22.7 - https:\/\/yoast.com\/wordpress\/plugins\/seo\/ -->\n<title>Mapa Web - Live to Ride<\/title>\n<meta name=\"robots\" content=\"index, follow, max-snippet:-1, max-image-preview:large, max-video-preview:-1\" \/>\n<link rel=\"canonical\" href=\"https:\/\/livetoride.es\/ca\/mapa-web\/\" \/>\n<meta property=\"og:locale\" content=\"ca_ES\" \/>\n<meta property=\"og:type\" content=\"article\" \/>\n<meta property=\"og:title\" content=\"Mapa Web - Live to Ride\" \/>\n<meta property=\"og:description\" content=\"Home Nosaltres Activitats Horari Lectiu Esdeveniments de promoci\u00f3 esportiva Horari extraescolar Preguntes freq\u00fcents Contacte Av\u00eds Legal Pol\u00edtica de Privacitat Pol\u00edtica de Cookies Mapa Web Declaraci\u00f3 d&#8217;Accesibilitat\" \/>\n<meta property=\"og:url\" content=\"https:\/\/livetoride.es\/ca\/mapa-web\/\" \/>\n<meta property=\"og:site_name\" content=\"Live to Ride\" \/>\n<meta property=\"article:modified_time\" content=\"2024-05-02T09:13:53+00:00\" \/>\n<meta name=\"twitter:card\" content=\"summary_large_image\" \/>\n<meta name=\"twitter:label1\" content=\"Temps estimat de lectura\" \/>\n\t<meta name=\"twitter:data1\" content=\"1 minut\" \/>\n<script type=\"application\/ld+json\" class=\"yoast-schema-graph\">{\"@context\":\"https:\/\/schema.org\",\"@graph\":[{\"@type\":\"WebPage\",\"@id\":\"https:\/\/livetoride.es\/ca\/mapa-web\/\",\"url\":\"https:\/\/livetoride.es\/ca\/mapa-web\/\",\"name\":\"Mapa Web - Live to Ride\",\"isPartOf\":{\"@id\":\"https:\/\/livetoride.es\/ca\/#website\"},\"datePublished\":\"2023-12-06T14:53:38+00:00\",\"dateModified\":\"2024-05-02T09:13:53+00:00\",\"breadcrumb\":{\"@id\":\"https:\/\/livetoride.es\/ca\/mapa-web\/#breadcrumb\"},\"inLanguage\":\"ca\",\"potentialAction\":[{\"@type\":\"ReadAction\",\"target\":[\"https:\/\/livetoride.es\/ca\/mapa-web\/\"]}]},{\"@type\":\"BreadcrumbList\",\"@id\":\"https:\/\/livetoride.es\/ca\/mapa-web\/#breadcrumb\",\"itemListElement\":[{\"@type\":\"ListItem\",\"position\":1,\"name\":\"Portada\",\"item\":\"https:\/\/livetoride.es\/ca\/\"},{\"@type\":\"ListItem\",\"position\":2,\"name\":\"Mapa Web\"}]},{\"@type\":\"WebSite\",\"@id\":\"https:\/\/livetoride.es\/ca\/#website\",\"url\":\"https:\/\/livetoride.es\/ca\/\",\"name\":\"Live to Ride\",\"description\":\"My WordPress Blog\",\"potentialAction\":[{\"@type\":\"SearchAction\",\"target\":{\"@type\":\"EntryPoint\",\"urlTemplate\":\"https:\/\/livetoride.es\/ca\/?s={search_term_string}\"},\"query-input\":\"required name=search_term_string\"}],\"inLanguage\":\"ca\"}]}<\/script>\n<!-- \/ Yoast SEO plugin. -->","yoast_head_json":{"title":"Mapa Web - Live to Ride","robots":{"index":"index","follow":"follow","max-snippet":"max-snippet:-1","max-image-preview":"max-image-preview:large","max-video-preview":"max-video-preview:-1"},"canonical":"https:\/\/livetoride.es\/ca\/mapa-web\/","og_locale":"ca_ES","og_type":"article","og_title":"Mapa Web - Live to Ride","og_description":"Home Nosaltres Activitats Horari Lectiu Esdeveniments de promoci\u00f3 esportiva Horari extraescolar Preguntes freq\u00fcents Contacte Av\u00eds Legal Pol\u00edtica de Privacitat Pol\u00edtica de Cookies Mapa Web Declaraci\u00f3 d&#8217;Accesibilitat","og_url":"https:\/\/livetoride.es\/ca\/mapa-web\/","og_site_name":"Live to Ride","article_modified_time":"2024-05-02T09:13:53+00:00","twitter_card":"summary_large_image","twitter_misc":{"Temps estimat de lectura":"1 minut"},"schema":{"@context":"https:\/\/schema.org","@graph":[{"@type":"WebPage","@id":"https:\/\/livetoride.es\/ca\/mapa-web\/","url":"https:\/\/livetoride.es\/ca\/mapa-web\/","name":"Mapa Web - Live to Ride","isPartOf":{"@id":"https:\/\/livetoride.es\/ca\/#website"},"datePublished":"2023-12-06T14:53:38+00:00","dateModified":"2024-05-02T09:13:53+00:00","breadcrumb":{"@id":"https:\/\/livetoride.es\/ca\/mapa-web\/#breadcrumb"},"inLanguage":"ca","potentialAction":[{"@type":"ReadAction","target":["https:\/\/livetoride.es\/ca\/mapa-web\/"]}]},{"@type":"BreadcrumbList","@id":"https:\/\/livetoride.es\/ca\/mapa-web\/#breadcrumb","itemListElement":[{"@type":"ListItem","position":1,"name":"Portada","item":"https:\/\/livetoride.es\/ca\/"},{"@type":"ListItem","position":2,"name":"Mapa Web"}]},{"@type":"WebSite","@id":"https:\/\/livetoride.es\/ca\/#website","url":"https:\/\/livetoride.es\/ca\/","name":"Live to Ride","description":"My WordPress Blog","potentialAction":[{"@type":"SearchAction","target":{"@type":"EntryPoint","urlTemplate":"https:\/\/livetoride.es\/ca\/?s={search_term_string}"},"query-input":"required name=search_term_string"}],"inLanguage":"ca"}]}},"_links":{"self":[{"href":"https:\/\/livetoride.es\/ca\/wp-json\/wp\/v2\/pages\/6252","targetHints":{"allow":["GET"]}}],"collection":[{"href":"https:\/\/livetoride.es\/ca\/wp-json\/wp\/v2\/pages"}],"about":[{"href":"https:\/\/livetoride.es\/ca\/wp-json\/wp\/v2\/types\/page"}],"author":[{"embeddable":true,"href":"https:\/\/livetoride.es\/ca\/wp-json\/wp\/v2\/users\/1"}],"replies":[{"embeddable":true,"href":"https:\/\/livetoride.es\/ca\/wp-json\/wp\/v2\/comments?post=6252"}],"version-history":[{"count":7,"href":"https:\/\/livetoride.es\/ca\/wp-json\/wp\/v2\/pages\/6252\/revisions"}],"predecessor-version":[{"id":6349,"href":"https:\/\/livetoride.es\/ca\/wp-json\/wp\/v2\/pages\/6252\/revisions\/6349"}],"wp:attachment":[{"href":"https:\/\/livetoride.es\/ca\/wp-json\/wp\/v2\/media?parent=6252"}],"curies":[{"name":"wp","href":"https:\/\/api.w.org\/{rel}","templated":true}]}}